{"id":1217,"date":"2018-07-05T16:26:34","date_gmt":"2018-07-05T16:26:34","guid":{"rendered":"https:\/\/www.fastcar.cl\/tienda\/?post_type=product&#038;p=1217"},"modified":"2025-07-11T02:22:56","modified_gmt":"2025-07-11T02:22:56","slug":"laminas-seguridad-sedan","status":"publish","type":"product","link":"https:\/\/www.fastcar.cl\/tienda\/producto\/laminas-seguridad-sedan\/","title":{"rendered":"LAMINAS SEDAN INCOLORA o TONALIDADES LEGALES"},"content":{"rendered":"<h3><span style=\"color: #ff0000;\">OFERTA JULIO 2025<\/span><\/h3>\n<p>4 vidrios laterales + parabrisas trasero *no incluye aletas, consulte por su modelo de auto.<\/p>\n<p>TONALIDADES LEGALES con certificado para Revisi\u00f3n T\u00e9cnica.<\/p>\n<p>Agenda tu servicio taller establecido.<\/p>\n<p>Esta oferta es de L\u00e1minas de 4 mil micras.<\/p>\n","protected":false},"excerpt":{"rendered":"<p>OFERTA JULIO 2025 4 vidrios laterales + parabrisas trasero *no incluye aletas, consulte por su modelo de auto. TONALIDADES LEGALES con certificado para Revisi\u00f3n T\u00e9cnica. Agenda tu servicio taller establecido. Esta oferta es de L\u00e1minas de 4 mil micras.<\/p>\n","protected":false},"featured_media":1502,"comment_status":"closed","ping_status":"closed","template":"","meta":[],"class_list":{"0":"post-1217","1":"product","2":"type-product","3":"status-publish","4":"has-post-thumbnail","6":"product_cat-julio2025","7":"product_cat-laminas-y-polarizados","8":"product_cat-sedan","10":"first","11":"instock","12":"sale","13":"shipping-taxable","14":"purchasable","15":"product-type-simple"},"_links":{"self":[{"href":"https:\/\/www.fastcar.cl\/tienda\/wp-json\/wp\/v2\/product\/1217","targetHints":{"allow":["GET"]}}],"collection":[{"href":"https:\/\/www.fastcar.cl\/tienda\/wp-json\/wp\/v2\/product"}],"about":[{"href":"https:\/\/www.fastcar.cl\/tienda\/wp-json\/wp\/v2\/types\/product"}],"replies":[{"embeddable":true,"href":"https:\/\/www.fastcar.cl\/tienda\/wp-json\/wp\/v2\/comments?post=1217"}],"wp:featuredmedia":[{"embeddable":true,"href":"https:\/\/www.fastcar.cl\/tienda\/wp-json\/wp\/v2\/media\/1502"}],"wp:attachment":[{"href":"https:\/\/www.fastcar.cl\/tienda\/wp-json\/wp\/v2\/media?parent=1217"}],"curies":[{"name":"wp","href":"https:\/\/api.w.org\/{rel}","templated":true}]}}