{"id":1297,"date":"2018-08-01T04:14:56","date_gmt":"2018-08-01T04:14:56","guid":{"rendered":"https:\/\/www.fastcar.cl\/tienda\/?post_type=product&#038;p=1297"},"modified":"2021-12-02T13:21:13","modified_gmt":"2021-12-02T13:21:13","slug":"sensor-de-retroceso-sedan-instalado","status":"publish","type":"product","link":"https:\/\/www.fastcar.cl\/tienda\/producto\/sensor-de-retroceso-sedan-instalado\/","title":{"rendered":"SENSOR DE RETROCESO SEDAN INSTALADO"},"content":{"rendered":"<p>Un pr\u00e1ctico sensor de retroceso de 4 puntos que se convertir\u00e1 en tu mejor aliado a la hora de estacionar o mover tu auto en lugares estrechos.<br \/>\n\u2013 Gracias a su display de 3 colores podr\u00e1s visualizar a cu\u00e1ntos metros est\u00e1s de chocar con alg\u00fan objeto.<br \/>\n\u2013 Disponible en 4 colores:\u00a0blanco, gris, plata y negro.<br \/>\n\u2013 Evita tener que usar la t\u00e9cnica del \u201cgolpe avisa\u201d y estacione f\u00e1cilmente.<\/p>\n<p>* No disponible para parachoques met\u00e1licos, consulte al WhatsApp o al fono de nuestro local.<\/p>\n","protected":false},"excerpt":{"rendered":"<p>Un pr\u00e1ctico sensor de retroceso de 4 puntos que se convertir\u00e1 en tu mejor aliado a la hora de estacionar o mover tu auto en lugares estrechos. \u2013 Gracias a su display de 3 colores podr\u00e1s visualizar a cu\u00e1ntos metros est\u00e1s de chocar con alg\u00fan objeto. \u2013 Disponible en 4 colores:\u00a0blanco, gris, plata y negro. [&hellip;]<\/p>\n","protected":false},"featured_media":1293,"comment_status":"closed","ping_status":"closed","template":"","meta":[],"class_list":{"0":"post-1297","1":"product","2":"type-product","3":"status-publish","4":"has-post-thumbnail","6":"product_cat-oferta-sensores","7":"product_cat-sensores-y-camaras-de-retroceso","9":"first","10":"instock","11":"sale","12":"shipping-taxable","13":"purchasable","14":"product-type-simple"},"_links":{"self":[{"href":"https:\/\/www.fastcar.cl\/tienda\/wp-json\/wp\/v2\/product\/1297","targetHints":{"allow":["GET"]}}],"collection":[{"href":"https:\/\/www.fastcar.cl\/tienda\/wp-json\/wp\/v2\/product"}],"about":[{"href":"https:\/\/www.fastcar.cl\/tienda\/wp-json\/wp\/v2\/types\/product"}],"replies":[{"embeddable":true,"href":"https:\/\/www.fastcar.cl\/tienda\/wp-json\/wp\/v2\/comments?post=1297"}],"wp:featuredmedia":[{"embeddable":true,"href":"https:\/\/www.fastcar.cl\/tienda\/wp-json\/wp\/v2\/media\/1293"}],"wp:attachment":[{"href":"https:\/\/www.fastcar.cl\/tienda\/wp-json\/wp\/v2\/media?parent=1297"}],"curies":[{"name":"wp","href":"https:\/\/api.w.org\/{rel}","templated":true}]}}