{"id":1752,"date":"2019-05-01T04:39:58","date_gmt":"2019-05-01T04:39:58","guid":{"rendered":"https:\/\/www.fastcar.cl\/tienda\/?post_type=product&#038;p=1752"},"modified":"2022-05-30T15:24:52","modified_gmt":"2022-05-30T15:24:52","slug":"cilindros-de-seguridad-anti-ganzua-2","status":"publish","type":"product","link":"https:\/\/www.fastcar.cl\/tienda\/producto\/cilindros-de-seguridad-anti-ganzua-2\/","title":{"rendered":"CILINDROS DE SEGURIDAD ANTI-GANZUA PARA MG3"},"content":{"rendered":"<ul>\n<li>OFERTA PARA MODELO MG3<\/li>\n<li>Cerradura o Chapa de Seguridad para Autos o Camionetas<\/li>\n<li>Evite el robo de su auto con Cerraduras anti Ganz\u00faa<\/li>\n<li>Incluye cilindro instalado y 2 llaves<\/li>\n<li>llaves codificadas<\/li>\n<li>Previo an\u00e1lisis de factibilidad t\u00e9cnica seg\u00fan marca, modelo y a\u00f1o del auto<\/li>\n<\/ul>\n","protected":false},"excerpt":{"rendered":"<p>OFERTA PARA MODELO MG3 Cerradura o Chapa de Seguridad para Autos o Camionetas Evite el robo de su auto con Cerraduras anti Ganz\u00faa Incluye cilindro instalado y 2 llaves llaves codificadas Previo an\u00e1lisis de factibilidad t\u00e9cnica seg\u00fan marca, modelo y a\u00f1o del auto<\/p>\n","protected":false},"featured_media":2494,"comment_status":"closed","ping_status":"closed","template":"","meta":[],"class_list":{"0":"post-1752","1":"product","2":"type-product","3":"status-publish","4":"has-post-thumbnail","6":"product_cat-cerrajeria","7":"product_cat-productos-destacados","9":"first","10":"instock","11":"sale","12":"featured","13":"shipping-taxable","14":"purchasable","15":"product-type-simple"},"_links":{"self":[{"href":"https:\/\/www.fastcar.cl\/tienda\/wp-json\/wp\/v2\/product\/1752","targetHints":{"allow":["GET"]}}],"collection":[{"href":"https:\/\/www.fastcar.cl\/tienda\/wp-json\/wp\/v2\/product"}],"about":[{"href":"https:\/\/www.fastcar.cl\/tienda\/wp-json\/wp\/v2\/types\/product"}],"replies":[{"embeddable":true,"href":"https:\/\/www.fastcar.cl\/tienda\/wp-json\/wp\/v2\/comments?post=1752"}],"wp:featuredmedia":[{"embeddable":true,"href":"https:\/\/www.fastcar.cl\/tienda\/wp-json\/wp\/v2\/media\/2494"}],"wp:attachment":[{"href":"https:\/\/www.fastcar.cl\/tienda\/wp-json\/wp\/v2\/media?parent=1752"}],"curies":[{"name":"wp","href":"https:\/\/api.w.org\/{rel}","templated":true}]}}