{"id":1890,"date":"2019-07-16T20:22:10","date_gmt":"2019-07-16T20:22:10","guid":{"rendered":"https:\/\/www.fastcar.cl\/tienda\/?post_type=product&#038;p=1890"},"modified":"2025-06-04T20:04:05","modified_gmt":"2025-06-04T20:04:05","slug":"sensor-de-retroceso-engomado-camioneta-c-parachoques-metalico-instalado","status":"publish","type":"product","link":"https:\/\/www.fastcar.cl\/tienda\/producto\/sensor-de-retroceso-engomado-camioneta-c-parachoques-metalico-instalado\/","title":{"rendered":"SENSOR DE RETROCESO ENGOMADO CAMIONETA C\/ PARACHOQUES MET\u00c1LICO INSTALADO"},"content":{"rendered":"<p>Un pr\u00e1ctico sensor de retroceso de 4 puntos que se convertir\u00e1 en tu mejor aliado a la hora de estacionar o mover tu auto en lugares estrechos.<br \/>\n\u2013 Gracias a su display de 3 colores podr\u00e1s visualizar a cu\u00e1ntos metros est\u00e1s de chocar con alg\u00fan objeto.<br \/>\n\u2013 Evita tener que usar la t\u00e9cnica del \u201cgolpe avisa\u201d y estacione f\u00e1cilmente.<\/p>\n<p>* No disponible para parachoques met\u00e1licos, consulte al WhatsApp o al fono de nuestro local.<\/p>\n","protected":false},"excerpt":{"rendered":"<p>Un pr\u00e1ctico sensor de retroceso de 4 puntos que se convertir\u00e1 en tu mejor aliado a la hora de estacionar o mover tu auto en lugares estrechos. \u2013 Gracias a su display de 3 colores podr\u00e1s visualizar a cu\u00e1ntos metros est\u00e1s de chocar con alg\u00fan objeto. \u2013 Evita tener que usar la t\u00e9cnica del \u201cgolpe [&hellip;]<\/p>\n","protected":false},"featured_media":1891,"comment_status":"closed","ping_status":"closed","template":"","meta":[],"class_list":{"0":"post-1890","1":"product","2":"type-product","3":"status-publish","4":"has-post-thumbnail","6":"product_cat-oferta-sensores","7":"product_cat-productos-destacados","8":"product_cat-sensores-y-camaras-de-retroceso","9":"product_tag-promoabril2022","11":"first","12":"instock","13":"sale","14":"shipping-taxable","15":"purchasable","16":"product-type-simple"},"_links":{"self":[{"href":"https:\/\/www.fastcar.cl\/tienda\/wp-json\/wp\/v2\/product\/1890","targetHints":{"allow":["GET"]}}],"collection":[{"href":"https:\/\/www.fastcar.cl\/tienda\/wp-json\/wp\/v2\/product"}],"about":[{"href":"https:\/\/www.fastcar.cl\/tienda\/wp-json\/wp\/v2\/types\/product"}],"replies":[{"embeddable":true,"href":"https:\/\/www.fastcar.cl\/tienda\/wp-json\/wp\/v2\/comments?post=1890"}],"wp:featuredmedia":[{"embeddable":true,"href":"https:\/\/www.fastcar.cl\/tienda\/wp-json\/wp\/v2\/media\/1891"}],"wp:attachment":[{"href":"https:\/\/www.fastcar.cl\/tienda\/wp-json\/wp\/v2\/media?parent=1890"}],"curies":[{"name":"wp","href":"https:\/\/api.w.org\/{rel}","templated":true}]}}