{"id":2543,"date":"2023-04-21T16:08:57","date_gmt":"2023-04-21T16:08:57","guid":{"rendered":"https:\/\/www.fastcar.cl\/tienda\/?post_type=product&#038;p=2543"},"modified":"2023-04-21T16:11:02","modified_gmt":"2023-04-21T16:11:02","slug":"inmovilizador-mlab-citycar-sedan-camioneta-y-suv","status":"publish","type":"product","link":"https:\/\/www.fastcar.cl\/tienda\/producto\/inmovilizador-mlab-citycar-sedan-camioneta-y-suv\/","title":{"rendered":"INMOVILIZADOR MLAB &#8211; CITYCAR , SEDAN , CAMIONETA y SUV"},"content":{"rendered":"<p>Inmovilizador Mlab para city car , sedan , camioneta y SUV<\/p>\n<p><span style=\"color: #ff0000;\"><strong> ( solo para veh\u00edculos con sistema con encendido de llave, promoci\u00f3n excluye encendido con bot\u00f3n, consulte valores para esa instalaci\u00f3n )<\/strong><\/span><\/p>\n<p>&nbsp;<\/p>\n<p>&nbsp;<\/p>\n","protected":false},"excerpt":{"rendered":"<p>Inmovilizador Mlab para city car , sedan , camioneta y SUV ( solo para veh\u00edculos con sistema con encendido de llave, promoci\u00f3n excluye encendido con bot\u00f3n, consulte valores para esa instalaci\u00f3n ) &nbsp; &nbsp;<\/p>\n","protected":false},"featured_media":2544,"comment_status":"closed","ping_status":"closed","template":"","meta":[],"class_list":{"0":"post-2543","1":"product","2":"type-product","3":"status-publish","4":"has-post-thumbnail","6":"product_cat-inmovilizadores","7":"product_cat-productos-destacados","8":"product_tag-promoabril2022","10":"first","11":"instock","12":"sale","13":"featured","14":"shipping-taxable","15":"purchasable","16":"product-type-simple"},"_links":{"self":[{"href":"https:\/\/www.fastcar.cl\/tienda\/wp-json\/wp\/v2\/product\/2543","targetHints":{"allow":["GET"]}}],"collection":[{"href":"https:\/\/www.fastcar.cl\/tienda\/wp-json\/wp\/v2\/product"}],"about":[{"href":"https:\/\/www.fastcar.cl\/tienda\/wp-json\/wp\/v2\/types\/product"}],"replies":[{"embeddable":true,"href":"https:\/\/www.fastcar.cl\/tienda\/wp-json\/wp\/v2\/comments?post=2543"}],"wp:featuredmedia":[{"embeddable":true,"href":"https:\/\/www.fastcar.cl\/tienda\/wp-json\/wp\/v2\/media\/2544"}],"wp:attachment":[{"href":"https:\/\/www.fastcar.cl\/tienda\/wp-json\/wp\/v2\/media?parent=2543"}],"curies":[{"name":"wp","href":"https:\/\/api.w.org\/{rel}","templated":true}]}}