{"id":2590,"date":"2024-05-09T16:46:20","date_gmt":"2024-05-09T16:46:20","guid":{"rendered":"https:\/\/www.fastcar.cl\/tienda\/?post_type=product&#038;p=2590"},"modified":"2024-05-09T16:46:20","modified_gmt":"2024-05-09T16:46:20","slug":"espejo-retrovisor-tactil-dashcam-camara","status":"publish","type":"product","link":"https:\/\/www.fastcar.cl\/tienda\/producto\/espejo-retrovisor-tactil-dashcam-camara\/","title":{"rendered":"Espejo Retrovisor T\u00e1ctil + Dashcam + C\u00e1mara"},"content":{"rendered":"<p>Espejo Retrovisor T\u00e1ctil + Dashcam + C\u00e1mara<\/p>\n<p>&nbsp;<\/p>\n","protected":false},"excerpt":{"rendered":"<p>Espejo Retrovisor T\u00e1ctil + Dashcam + C\u00e1mara &nbsp;<\/p>\n","protected":false},"featured_media":2591,"comment_status":"closed","ping_status":"closed","template":"","meta":[],"class_list":{"0":"post-2590","1":"product","2":"type-product","3":"status-publish","4":"has-post-thumbnail","6":"product_cat-sensores-y-camaras-de-retroceso","7":"product_tag-dia-mama-2024","9":"first","10":"instock","11":"shipping-taxable","12":"purchasable","13":"product-type-simple"},"_links":{"self":[{"href":"https:\/\/www.fastcar.cl\/tienda\/wp-json\/wp\/v2\/product\/2590","targetHints":{"allow":["GET"]}}],"collection":[{"href":"https:\/\/www.fastcar.cl\/tienda\/wp-json\/wp\/v2\/product"}],"about":[{"href":"https:\/\/www.fastcar.cl\/tienda\/wp-json\/wp\/v2\/types\/product"}],"replies":[{"embeddable":true,"href":"https:\/\/www.fastcar.cl\/tienda\/wp-json\/wp\/v2\/comments?post=2590"}],"wp:featuredmedia":[{"embeddable":true,"href":"https:\/\/www.fastcar.cl\/tienda\/wp-json\/wp\/v2\/media\/2591"}],"wp:attachment":[{"href":"https:\/\/www.fastcar.cl\/tienda\/wp-json\/wp\/v2\/media?parent=2590"}],"curies":[{"name":"wp","href":"https:\/\/api.w.org\/{rel}","templated":true}]}}