{"id":2641,"date":"2025-07-09T14:14:00","date_gmt":"2025-07-09T14:14:00","guid":{"rendered":"https:\/\/www.fastcar.cl\/tienda\/?post_type=product&#038;p=2641"},"modified":"2025-07-11T02:21:44","modified_gmt":"2025-07-11T02:21:44","slug":"gps-tracker-r12-seeworld","status":"publish","type":"product","link":"https:\/\/www.fastcar.cl\/tienda\/producto\/gps-tracker-r12-seeworld\/","title":{"rendered":"GPS Tracker R12 Seeworld"},"content":{"rendered":"<p><strong>GPS TRACKER<\/strong> con 4G y cortacorriente integrado.<\/p>\n<p>Puedes rastrear veh\u00edculos, motos, camionetas o camiones. Programar acciones como limitar un \u00e1rea geogr\u00e1fica, parar el motor del veh\u00edculo en caso de robo, funci\u00f3n esp\u00eda, aviso SOS en caso de robo, secuestro o accidente, y mucho m\u00e1s.<\/p>\n<p><span style=\"color: #ff0000;\">INSTALADO<\/span><\/p>\n","protected":false},"excerpt":{"rendered":"<p>GPS TRACKER con 4G y cortacorriente integrado. Puedes rastrear veh\u00edculos, motos, camionetas o camiones. Programar acciones como limitar un \u00e1rea geogr\u00e1fica, parar el motor del veh\u00edculo en caso de robo, funci\u00f3n esp\u00eda, aviso SOS en caso de robo, secuestro o accidente, y mucho m\u00e1s. INSTALADO<\/p>\n","protected":false},"featured_media":2642,"comment_status":"closed","ping_status":"closed","template":"","meta":[],"class_list":{"0":"post-2641","1":"product","2":"type-product","3":"status-publish","4":"has-post-thumbnail","6":"product_cat-gps","7":"product_cat-inmovilizadores","8":"product_cat-julio2025","9":"product_tag-dia-mama-2024","11":"first","12":"instock","13":"sale","14":"shipping-taxable","15":"purchasable","16":"product-type-simple"},"_links":{"self":[{"href":"https:\/\/www.fastcar.cl\/tienda\/wp-json\/wp\/v2\/product\/2641","targetHints":{"allow":["GET"]}}],"collection":[{"href":"https:\/\/www.fastcar.cl\/tienda\/wp-json\/wp\/v2\/product"}],"about":[{"href":"https:\/\/www.fastcar.cl\/tienda\/wp-json\/wp\/v2\/types\/product"}],"replies":[{"embeddable":true,"href":"https:\/\/www.fastcar.cl\/tienda\/wp-json\/wp\/v2\/comments?post=2641"}],"wp:featuredmedia":[{"embeddable":true,"href":"https:\/\/www.fastcar.cl\/tienda\/wp-json\/wp\/v2\/media\/2642"}],"wp:attachment":[{"href":"https:\/\/www.fastcar.cl\/tienda\/wp-json\/wp\/v2\/media?parent=2641"}],"curies":[{"name":"wp","href":"https:\/\/api.w.org\/{rel}","templated":true}]}}