{"id":364,"date":"2017-08-29T19:51:16","date_gmt":"2017-08-29T19:51:16","guid":{"rendered":"https:\/\/www.fastcar.cl\/tienda\/?post_type=product&#038;p=364"},"modified":"2019-07-15T03:53:49","modified_gmt":"2019-07-15T03:53:49","slug":"servicio-de-scanner-automotriz-convenio","status":"publish","type":"product","link":"https:\/\/www.fastcar.cl\/tienda\/producto\/servicio-de-scanner-automotriz-convenio\/","title":{"rendered":"SERVICIO DE SCANNER AUTOMOTRIZ"},"content":{"rendered":"<p>El Servicio de Scanner, se realiza con una herramienta multifuncional la cual realiza la revisi\u00f3n electr\u00f3nica a los computadores o m\u00f3dulos electr\u00f3nicos del veh\u00edculo, esta herramienta posee un software que permite determinar fallas o anomal\u00edas en el funcionamiento de el motor del veh\u00edculo. Basta con conectarlo con el autom\u00f3vil, para que el software haga una revisi\u00f3n total de el funcionamiento de las principales partes de el motor del veh\u00edculo. Adem\u00e1s se obtienen los marcadores de diferentes niveles; bien sea almacenados o en tiempo real, que ayudan a la detecci\u00f3n temprana de posibles fallas electr\u00f3nicas o desgastes de piezas mec\u00e1nicas. Realizar el scanner automotriz, es un procedimiento sencillo, pero muy \u00fatil para detectar y prever da\u00f1os mayores en el motor de tu autom\u00f3vil.<\/p>\n<p>Nuestros t\u00e9cnicos est\u00e1n preparados para realizar y diagnosticar, posibles anomal\u00edas de funcionamiento, basados en los resultados que entrega esta fabulosa herramienta.<\/p>\n","protected":false},"excerpt":{"rendered":"<p>El Servicio de Scanner, se realiza con una herramienta multifuncional la cual realiza la revisi\u00f3n electr\u00f3nica a los computadores o m\u00f3dulos electr\u00f3nicos del veh\u00edculo, esta herramienta posee un software que permite determinar fallas o anomal\u00edas en el funcionamiento de el motor del veh\u00edculo. Basta con conectarlo con el autom\u00f3vil, para que el software haga una [&hellip;]<\/p>\n","protected":false},"featured_media":615,"comment_status":"closed","ping_status":"closed","template":"","meta":[],"class_list":{"0":"post-364","1":"product","2":"type-product","3":"status-publish","4":"has-post-thumbnail","6":"product_cat-convenios","8":"first","9":"instock","10":"sale","11":"shipping-taxable","12":"purchasable","13":"product-type-simple"},"_links":{"self":[{"href":"https:\/\/www.fastcar.cl\/tienda\/wp-json\/wp\/v2\/product\/364","targetHints":{"allow":["GET"]}}],"collection":[{"href":"https:\/\/www.fastcar.cl\/tienda\/wp-json\/wp\/v2\/product"}],"about":[{"href":"https:\/\/www.fastcar.cl\/tienda\/wp-json\/wp\/v2\/types\/product"}],"replies":[{"embeddable":true,"href":"https:\/\/www.fastcar.cl\/tienda\/wp-json\/wp\/v2\/comments?post=364"}],"wp:featuredmedia":[{"embeddable":true,"href":"https:\/\/www.fastcar.cl\/tienda\/wp-json\/wp\/v2\/media\/615"}],"wp:attachment":[{"href":"https:\/\/www.fastcar.cl\/tienda\/wp-json\/wp\/v2\/media?parent=364"}],"curies":[{"name":"wp","href":"https:\/\/api.w.org\/{rel}","templated":true}]}}