{"id":392,"date":"2017-08-30T19:57:42","date_gmt":"2017-08-30T19:57:42","guid":{"rendered":"https:\/\/www.fastcar.cl\/tienda\/?post_type=product&#038;p=392"},"modified":"2018-08-20T03:03:23","modified_gmt":"2018-08-20T03:03:23","slug":"espejo-con-camara-de-retroceso-instalado-convenio","status":"publish","type":"product","link":"https:\/\/www.fastcar.cl\/tienda\/producto\/espejo-con-camara-de-retroceso-instalado-convenio\/","title":{"rendered":"ESPEJO CON C\u00c1MARA DE RETROCESO INSTALADO"},"content":{"rendered":"<ul>\n<li>Se instala directamente sobre el espejo del veh\u00edculo.<\/li>\n<li>Encendido autom\u00e1tico de c\u00e1mara de retroceso.<\/li>\n<li>Monitor TFT 4.3&#8243; 480px RGB 272h<\/li>\n<li>Sistema de video: NTSC\/pal<\/li>\n<li>Fuente 12v<\/li>\n<\/ul>\n<p>Incluye:<\/p>\n<ul>\n<li>Espejo\/monitor<\/li>\n<li>Cable alimentaci\u00f3n<\/li>\n<li>C\u00e1mara de retroceso UC-804B<\/li>\n<\/ul>\n<p>&nbsp;<\/p>\n","protected":false},"excerpt":{"rendered":"<p>Se instala directamente sobre el espejo del veh\u00edculo. Encendido autom\u00e1tico de c\u00e1mara de retroceso. Monitor TFT 4.3&#8243; 480px RGB 272h Sistema de video: NTSC\/pal Fuente 12v Incluye: Espejo\/monitor Cable alimentaci\u00f3n C\u00e1mara de retroceso UC-804B &nbsp;<\/p>\n","protected":false},"featured_media":503,"comment_status":"closed","ping_status":"closed","template":"","meta":[],"class_list":{"0":"post-392","1":"product","2":"type-product","3":"status-publish","4":"has-post-thumbnail","6":"product_cat-convenios","8":"first","9":"instock","10":"sale","11":"shipping-taxable","12":"purchasable","13":"product-type-simple"},"_links":{"self":[{"href":"https:\/\/www.fastcar.cl\/tienda\/wp-json\/wp\/v2\/product\/392","targetHints":{"allow":["GET"]}}],"collection":[{"href":"https:\/\/www.fastcar.cl\/tienda\/wp-json\/wp\/v2\/product"}],"about":[{"href":"https:\/\/www.fastcar.cl\/tienda\/wp-json\/wp\/v2\/types\/product"}],"replies":[{"embeddable":true,"href":"https:\/\/www.fastcar.cl\/tienda\/wp-json\/wp\/v2\/comments?post=392"}],"wp:featuredmedia":[{"embeddable":true,"href":"https:\/\/www.fastcar.cl\/tienda\/wp-json\/wp\/v2\/media\/503"}],"wp:attachment":[{"href":"https:\/\/www.fastcar.cl\/tienda\/wp-json\/wp\/v2\/media?parent=392"}],"curies":[{"name":"wp","href":"https:\/\/api.w.org\/{rel}","templated":true}]}}