{"id":550,"date":"2017-11-08T16:52:57","date_gmt":"2017-11-08T16:52:57","guid":{"rendered":"https:\/\/www.fastcar.cl\/tienda\/?post_type=product&#038;p=550"},"modified":"2025-07-11T02:22:27","modified_gmt":"2025-07-11T02:22:27","slug":"laminas-de-seguridad-4-vidrios-laterales-8-micras","status":"publish","type":"product","link":"https:\/\/www.fastcar.cl\/tienda\/producto\/laminas-de-seguridad-4-vidrios-laterales-8-micras\/","title":{"rendered":"L\u00e1minas de Seguridad 8 micras Incolora o Tonalidades Legales &#8211; 4 Vidrios Laterales"},"content":{"rendered":"<p><span style=\"color: #ff0000;\">*Instaladas en 4 vidrios laterales<\/span><\/p>\n<p>Rechazo UV 99%<\/p>\n<p>Las l\u00e1minas de 8 micras protegen al auto y sus pasajeros del sol y los rayos UV, mantienen el vidrio roto pegado, volvi\u00e9ndolo as\u00ed un medio disuasivo de robos.<\/p>\n<p>TONALIDADES LEGALES con certificado para Revisi\u00f3n T\u00e9cnica.<\/p>\n","protected":false},"excerpt":{"rendered":"<p>*Instaladas en 4 vidrios laterales Rechazo UV 99% Las l\u00e1minas de 8 micras protegen al auto y sus pasajeros del sol y los rayos UV, mantienen el vidrio roto pegado, volvi\u00e9ndolo as\u00ed un medio disuasivo de robos. TONALIDADES LEGALES con certificado para Revisi\u00f3n T\u00e9cnica.<\/p>\n","protected":false},"featured_media":2644,"comment_status":"closed","ping_status":"closed","template":"","meta":[],"class_list":{"0":"post-550","1":"product","2":"type-product","3":"status-publish","4":"has-post-thumbnail","6":"product_cat-camioneta","7":"product_cat-citycar","8":"product_cat-julio2025","9":"product_cat-laminas-y-polarizados","10":"product_cat-sedan","11":"product_cat-station-wagon","12":"product_cat-suv","14":"first","15":"instock","16":"sale","17":"shipping-taxable","18":"purchasable","19":"product-type-simple"},"_links":{"self":[{"href":"https:\/\/www.fastcar.cl\/tienda\/wp-json\/wp\/v2\/product\/550","targetHints":{"allow":["GET"]}}],"collection":[{"href":"https:\/\/www.fastcar.cl\/tienda\/wp-json\/wp\/v2\/product"}],"about":[{"href":"https:\/\/www.fastcar.cl\/tienda\/wp-json\/wp\/v2\/types\/product"}],"replies":[{"embeddable":true,"href":"https:\/\/www.fastcar.cl\/tienda\/wp-json\/wp\/v2\/comments?post=550"}],"wp:featuredmedia":[{"embeddable":true,"href":"https:\/\/www.fastcar.cl\/tienda\/wp-json\/wp\/v2\/media\/2644"}],"wp:attachment":[{"href":"https:\/\/www.fastcar.cl\/tienda\/wp-json\/wp\/v2\/media?parent=550"}],"curies":[{"name":"wp","href":"https:\/\/api.w.org\/{rel}","templated":true}]}}